{"id":2726,"date":"2024-11-24T19:16:57","date_gmt":"2024-11-24T19:16:57","guid":{"rendered":"https:\/\/infinit-trade.com\/?post_type=product&#038;p=2726"},"modified":"2025-11-01T10:07:01","modified_gmt":"2025-11-01T10:07:01","slug":"signature-blend-medium","status":"publish","type":"product","link":"https:\/\/infinit-trade.com\/sq\/produkt\/signature-blend-medium\/","title":{"rendered":"Signature Blend Medium"},"content":{"rendered":"<p>Costa Coffee Signature Blend Medium Roast Beans, q\u00eb nga viti 1971, \u00ebsht\u00eb p\u00ebrzierja e p\u00ebrkryer e ekuilibruar e kafes\u00eb, me nj\u00eb arom\u00eb t\u00eb but\u00eb, t\u00eb shijshme dhe t\u00eb pasur, me nota elegante karamel. Projektuar p\u00ebr njoh\u00ebsit e v\u00ebrtet\u00eb t\u00eb kafes\u00eb dhe k\u00ebdo q\u00eb thjesht shijon nj\u00eb filxhan kafeje t\u00eb p\u00ebrsosur. N\u00ebnshkrimi Costa Coffee ka nj\u00eb forc\u00eb prej 8 nga 12, thjesht perfekte p\u00ebr konsumuesin e p\u00ebrditsh\u00ebm t\u00eb kafes\u00eb. Kjo p\u00ebrzierje unike e fasuleve arabica mbizot\u00ebruese dhe robusta jep nj\u00eb shije t\u00eb k\u00ebndshme si biskota p\u00ebrmes qum\u00ebshtit, nd\u00ebrsa zbulon hitin e plot\u00eb t\u00eb notave t\u00eb thekura, karamelit dhe arrave n\u00eb ekspres. Costa Coffee, e krijuar me frym\u00ebzimin e barist\u00ebve t\u00eb kafeneve t\u00eb Costa-s dhe nj\u00eb mjesht\u00ebri t\u00eb kafes\u00eb, \u00ebsht\u00eb krijuar p\u00ebr t\u00eb ofruar nj\u00eb filxhan kafeje t\u00eb mrekullueshme, \u00e7do her\u00eb.<\/p>","protected":false},"excerpt":{"rendered":"<p>Costa Coffee Signature Blend Medium Roast Beans, q\u00eb nga viti 1971, \u00ebsht\u00eb p\u00ebrzierja e p\u00ebrkryer e ekuilibruar e kafes\u00eb, me nj\u00eb arom\u00eb t\u00eb but\u00eb, t\u00eb shijshme dhe t\u00eb pasur, me nota elegante karamel. Projektuar p\u00ebr njoh\u00ebsit e v\u00ebrtet\u00eb t\u00eb kafes\u00eb dhe k\u00ebdo q\u00eb thjesht shijon nj\u00eb filxhan kafeje t\u00eb p\u00ebrsosur. N\u00ebnshkrimi Costa Coffee ka nj\u00eb forc\u00eb prej 8 nga 12, thjesht perfekte p\u00ebr konsumuesin e p\u00ebrditsh\u00ebm t\u00eb kafes\u00eb. Kjo p\u00ebrzierje unike e fasuleve arabica mbizot\u00ebruese dhe robusta jep nj\u00eb shije t\u00eb k\u00ebndshme si biskota p\u00ebrmes qum\u00ebshtit, nd\u00ebrsa zbulon hitin e plot\u00eb t\u00eb notave t\u00eb thekura, karamelit dhe arrave n\u00eb ekspres. Costa Coffee, e krijuar me frym\u00ebzimin e barist\u00ebve t\u00eb kafeneve t\u00eb Costa-s dhe nj\u00eb mjesht\u00ebri t\u00eb kafes\u00eb, \u00ebsht\u00eb krijuar p\u00ebr t\u00eb ofruar nj\u00eb filxhan kafeje t\u00eb mrekullueshme, \u00e7do her\u00eb.<\/p>","protected":false},"featured_media":2729,"comment_status":"open","ping_status":"closed","template":"","meta":{"site-sidebar-layout":"default","site-content-layout":"","ast-site-content-layout":"default","site-content-style":"default","site-sidebar-style":"default","ast-global-header-display":"","ast-banner-title-visibility":"","ast-main-header-display":"","ast-hfb-above-header-display":"","ast-hfb-below-header-display":"","ast-hfb-mobile-header-display":"","site-post-title":"","ast-breadcrumbs-content":"","ast-featured-img":"","footer-sml-layout":"","ast-disable-related-posts":"","theme-transparent-header-meta":"default","adv-header-id-meta":"","stick-header-meta":"","header-above-stick-meta":"","header-main-stick-meta":"","header-below-stick-meta":"","astra-migrate-meta-layouts":"set","ast-page-background-enabled":"default","ast-page-background-meta":{"desktop":{"background-color":"","background-image":"","background-repeat":"repeat","background-position":"center center","background-size":"auto","background-attachment":"scroll","background-type":"","background-media":"","overlay-type":"","overlay-color":"","overlay-opacity":"","overlay-gradient":""},"tablet":{"background-color":"","background-image":"","background-repeat":"repeat","background-position":"center center","background-size":"auto","background-attachment":"scroll","background-type":"","background-media":"","overlay-type":"","overlay-color":"","overlay-opacity":"","overlay-gradient":""},"mobile":{"background-color":"","background-image":"","background-repeat":"repeat","background-position":"center center","background-size":"auto","background-attachment":"scroll","background-type":"","background-media":"","overlay-type":"","overlay-color":"","overlay-opacity":"","overlay-gradient":""}},"ast-content-background-meta":{"desktop":{"background-color":"var(--ast-global-color-5)","background-image":"","background-repeat":"repeat","background-position":"center center","background-size":"auto","background-attachment":"scroll","background-type":"","background-media":"","overlay-type":"","overlay-color":"","overlay-opacity":"","overlay-gradient":""},"tablet":{"background-color":"var(--ast-global-color-5)","background-image":"","background-repeat":"repeat","background-position":"center center","background-size":"auto","background-attachment":"scroll","background-type":"","background-media":"","overlay-type":"","overlay-color":"","overlay-opacity":"","overlay-gradient":""},"mobile":{"background-color":"var(--ast-global-color-5)","background-image":"","background-repeat":"repeat","background-position":"center center","background-size":"auto","background-attachment":"scroll","background-type":"","background-media":"","overlay-type":"","overlay-color":"","overlay-opacity":"","overlay-gradient":""}}},"product_brand":[],"product_cat":[33],"product_tag":[],"class_list":{"0":"post-2726","1":"product","2":"type-product","3":"status-publish","4":"has-post-thumbnail","6":"product_cat-costa-coffee","7":"desktop-align-left","8":"tablet-align-left","9":"mobile-align-left","11":"first","12":"instock","13":"shipping-taxable","14":"purchasable","15":"product-type-simple"},"_links":{"self":[{"href":"https:\/\/infinit-trade.com\/sq\/wp-json\/wp\/v2\/product\/2726","targetHints":{"allow":["GET"]}}],"collection":[{"href":"https:\/\/infinit-trade.com\/sq\/wp-json\/wp\/v2\/product"}],"about":[{"href":"https:\/\/infinit-trade.com\/sq\/wp-json\/wp\/v2\/types\/product"}],"replies":[{"embeddable":true,"href":"https:\/\/infinit-trade.com\/sq\/wp-json\/wp\/v2\/comments?post=2726"}],"wp:featuredmedia":[{"embeddable":true,"href":"https:\/\/infinit-trade.com\/sq\/wp-json\/wp\/v2\/media\/2729"}],"wp:attachment":[{"href":"https:\/\/infinit-trade.com\/sq\/wp-json\/wp\/v2\/media?parent=2726"}],"wp:term":[{"taxonomy":"product_brand","embeddable":true,"href":"https:\/\/infinit-trade.com\/sq\/wp-json\/wp\/v2\/product_brand?post=2726"},{"taxonomy":"product_cat","embeddable":true,"href":"https:\/\/infinit-trade.com\/sq\/wp-json\/wp\/v2\/product_cat?post=2726"},{"taxonomy":"product_tag","embeddable":true,"href":"https:\/\/infinit-trade.com\/sq\/wp-json\/wp\/v2\/product_tag?post=2726"}],"curies":[{"name":"wp","href":"https:\/\/api.w.org\/{rel}","templated":true}]}}