{"id":2730,"date":"2024-11-24T19:19:27","date_gmt":"2024-11-24T19:19:27","guid":{"rendered":"https:\/\/infinit-trade.com\/?post_type=product&#038;p=2730"},"modified":"2025-11-29T22:07:59","modified_gmt":"2025-11-29T22:07:59","slug":"signature-blend-dark","status":"publish","type":"product","link":"https:\/\/infinit-trade.com\/sq\/produkt\/signature-blend-dark\/","title":{"rendered":"Signature Blend Dark"},"content":{"rendered":"<p>Costa Coffee Signature Blend Dark Roast, q\u00eb nga viti 1971, \u00ebsht\u00eb p\u00ebrzierja e p\u00ebrkryer e ekuilibruar e kafes\u00eb, me nj\u00eb arom\u00eb t\u00eb plot\u00eb, intensive dhe t\u00eb shijshme, dhe me nj\u00eb goditje t\u00eb plot\u00eb t\u00eb \u00e7okollat\u00ebs s\u00eb zez\u00eb. Dizenjuar p\u00ebr njoh\u00ebsit e v\u00ebrtet\u00eb t\u00eb kafes\u00eb dhe pir\u00ebsit e p\u00ebrditsh\u00ebm t\u00eb kafes\u00eb q\u00eb p\u00eblqen t\u00eb shijoj\u00eb an\u00ebn e guximshme t\u00eb jet\u00ebs. N\u00ebnshkrimi Costa Coffee ka nj\u00eb forc\u00eb prej 10 nga 12, thjesht perfekte p\u00ebr nj\u00eb goditje t\u00eb p\u00ebrditshme t\u00eb kafein\u00ebs. Kjo p\u00ebrzierje unike e kokrrave dominuese arabica dhe fasuleve Robusta jep nj\u00eb shije t\u00eb mpreht\u00eb \u00e7okollate p\u00ebrmes qum\u00ebshtit, nd\u00ebrkoh\u00eb q\u00eb fuqizon hitin e plot\u00eb t\u00eb \u00e7okollat\u00ebs s\u00eb zez\u00eb dhe notave t\u00eb arrave n\u00eb ekspres. Costa Coffee, e krijuar me frym\u00ebzimin e barist\u00ebve t\u00eb kafeneve t\u00eb Costa dhe mjesht\u00ebrin\u00eb e kafes\u00eb, \u00ebsht\u00eb krijuar p\u00ebr t\u00eb ofruar nj\u00eb filxhan kafeje t\u00eb mrekullueshme \u00e7do her\u00eb.<\/p>","protected":false},"excerpt":{"rendered":"<p>Costa Coffee Signature Blend Dark Roast, q\u00eb nga viti 1971, \u00ebsht\u00eb p\u00ebrzierja e p\u00ebrkryer e ekuilibruar e kafes\u00eb, me nj\u00eb arom\u00eb t\u00eb plot\u00eb, intensive dhe t\u00eb shijshme, dhe me nj\u00eb goditje t\u00eb plot\u00eb t\u00eb \u00e7okollat\u00ebs s\u00eb zez\u00eb. Dizenjuar p\u00ebr njoh\u00ebsit e v\u00ebrtet\u00eb t\u00eb kafes\u00eb dhe pir\u00ebsit e p\u00ebrditsh\u00ebm t\u00eb kafes\u00eb q\u00eb p\u00eblqen t\u00eb shijoj\u00eb an\u00ebn e guximshme t\u00eb jet\u00ebs. N\u00ebnshkrimi Costa Coffee ka nj\u00eb forc\u00eb prej 10 nga 12, thjesht perfekte p\u00ebr nj\u00eb goditje t\u00eb p\u00ebrditshme t\u00eb kafein\u00ebs. Kjo p\u00ebrzierje unike e kokrrave dominuese arabica dhe fasuleve Robusta jep nj\u00eb shije t\u00eb mpreht\u00eb \u00e7okollate p\u00ebrmes qum\u00ebshtit, nd\u00ebrkoh\u00eb q\u00eb fuqizon hitin e plot\u00eb t\u00eb \u00e7okollat\u00ebs s\u00eb zez\u00eb dhe notave t\u00eb arrave n\u00eb ekspres. Costa Coffee, e krijuar me frym\u00ebzimin e barist\u00ebve t\u00eb kafeneve t\u00eb Costa dhe mjesht\u00ebrin\u00eb e kafes\u00eb, \u00ebsht\u00eb krijuar p\u00ebr t\u00eb ofruar nj\u00eb filxhan kafeje t\u00eb mrekullueshme \u00e7do her\u00eb.<\/p>","protected":false},"featured_media":2731,"comment_status":"open","ping_status":"closed","template":"","meta":{"site-sidebar-layout":"default","site-content-layout":"","ast-site-content-layout":"default","site-content-style":"default","site-sidebar-style":"default","ast-global-header-display":"","ast-banner-title-visibility":"","ast-main-header-display":"","ast-hfb-above-header-display":"","ast-hfb-below-header-display":"","ast-hfb-mobile-header-display":"","site-post-title":"","ast-breadcrumbs-content":"","ast-featured-img":"","footer-sml-layout":"","ast-disable-related-posts":"","theme-transparent-header-meta":"default","adv-header-id-meta":"","stick-header-meta":"","header-above-stick-meta":"","header-main-stick-meta":"","header-below-stick-meta":"","astra-migrate-meta-layouts":"set","ast-page-background-enabled":"default","ast-page-background-meta":{"desktop":{"background-color":"","background-image":"","background-repeat":"repeat","background-position":"center center","background-size":"auto","background-attachment":"scroll","background-type":"","background-media":"","overlay-type":"","overlay-color":"","overlay-opacity":"","overlay-gradient":""},"tablet":{"background-color":"","background-image":"","background-repeat":"repeat","background-position":"center center","background-size":"auto","background-attachment":"scroll","background-type":"","background-media":"","overlay-type":"","overlay-color":"","overlay-opacity":"","overlay-gradient":""},"mobile":{"background-color":"","background-image":"","background-repeat":"repeat","background-position":"center center","background-size":"auto","background-attachment":"scroll","background-type":"","background-media":"","overlay-type":"","overlay-color":"","overlay-opacity":"","overlay-gradient":""}},"ast-content-background-meta":{"desktop":{"background-color":"var(--ast-global-color-5)","background-image":"","background-repeat":"repeat","background-position":"center center","background-size":"auto","background-attachment":"scroll","background-type":"","background-media":"","overlay-type":"","overlay-color":"","overlay-opacity":"","overlay-gradient":""},"tablet":{"background-color":"var(--ast-global-color-5)","background-image":"","background-repeat":"repeat","background-position":"center center","background-size":"auto","background-attachment":"scroll","background-type":"","background-media":"","overlay-type":"","overlay-color":"","overlay-opacity":"","overlay-gradient":""},"mobile":{"background-color":"var(--ast-global-color-5)","background-image":"","background-repeat":"repeat","background-position":"center center","background-size":"auto","background-attachment":"scroll","background-type":"","background-media":"","overlay-type":"","overlay-color":"","overlay-opacity":"","overlay-gradient":""}}},"product_brand":[],"product_cat":[33],"product_tag":[],"class_list":{"0":"post-2730","1":"product","2":"type-product","3":"status-publish","4":"has-post-thumbnail","6":"product_cat-costa-coffee","7":"desktop-align-left","8":"tablet-align-left","9":"mobile-align-left","11":"first","12":"instock","13":"shipping-taxable","14":"purchasable","15":"product-type-simple"},"_links":{"self":[{"href":"https:\/\/infinit-trade.com\/sq\/wp-json\/wp\/v2\/product\/2730","targetHints":{"allow":["GET"]}}],"collection":[{"href":"https:\/\/infinit-trade.com\/sq\/wp-json\/wp\/v2\/product"}],"about":[{"href":"https:\/\/infinit-trade.com\/sq\/wp-json\/wp\/v2\/types\/product"}],"replies":[{"embeddable":true,"href":"https:\/\/infinit-trade.com\/sq\/wp-json\/wp\/v2\/comments?post=2730"}],"wp:featuredmedia":[{"embeddable":true,"href":"https:\/\/infinit-trade.com\/sq\/wp-json\/wp\/v2\/media\/2731"}],"wp:attachment":[{"href":"https:\/\/infinit-trade.com\/sq\/wp-json\/wp\/v2\/media?parent=2730"}],"wp:term":[{"taxonomy":"product_brand","embeddable":true,"href":"https:\/\/infinit-trade.com\/sq\/wp-json\/wp\/v2\/product_brand?post=2730"},{"taxonomy":"product_cat","embeddable":true,"href":"https:\/\/infinit-trade.com\/sq\/wp-json\/wp\/v2\/product_cat?post=2730"},{"taxonomy":"product_tag","embeddable":true,"href":"https:\/\/infinit-trade.com\/sq\/wp-json\/wp\/v2\/product_tag?post=2730"}],"curies":[{"name":"wp","href":"https:\/\/api.w.org\/{rel}","templated":true}]}}