{"id":2732,"date":"2024-11-24T19:20:38","date_gmt":"2024-11-24T19:20:38","guid":{"rendered":"https:\/\/infinit-trade.com\/?post_type=product&#038;p=2732"},"modified":"2025-10-17T07:00:08","modified_gmt":"2025-10-17T07:00:08","slug":"bright-blend","status":"publish","type":"product","link":"https:\/\/infinit-trade.com\/sq\/produkt\/bright-blend\/","title":{"rendered":"Bright Blend"},"content":{"rendered":"<p>Bright Blend Beans \u00ebsht\u00eb nj\u00eb p\u00ebrzierje e p\u00ebrkryer e balancuar e kafes\u00eb Costa, e krijuar n\u00eb m\u00ebnyr\u00eb imagjinare me frym\u00ebzimin e barist\u00ebve t\u00eb kafes\u00eb Costa dhe mjesht\u00ebrin\u00eb e kafes\u00eb. Kjo 100% Arabica kombinon kafet\u00eb m\u00eb t\u00eb mira t\u00eb Amerik\u00ebs s\u00eb Jugut, t\u00eb zgjedhura me kujdes p\u00ebr shijen e tyre unike. V\u00ebrtet elegante me nj\u00eb trup t\u00eb rrumbullak\u00ebt, nota frutash dhe \u00ebmb\u00eblsi karamel, Bright Blend \u00ebsht\u00eb josh\u00ebse dhe e gjithanshme. Me nj\u00eb forc\u00eb prej 6 nga 12, kafeja \u00ebsht\u00eb perfekte p\u00ebr aventurierin dhe nj\u00eb pir\u00ebs t\u00eb p\u00ebrditsh\u00ebm kafeje. Kjo 100% Arabica jep nj\u00eb shije unike t\u00eb kekut me mjalt\u00eb p\u00ebrmes qum\u00ebshtit, nd\u00ebrsa fuqizon notat elegante frutash dhe \u00ebmb\u00eblsin\u00eb n\u00eb ekspres. Costa Coffee \u00ebsht\u00eb krijuar p\u00ebr t\u00eb krijuar nj\u00eb filxhan kafeje t\u00eb mrekullueshme, \u00e7do her\u00eb, p\u00ebr t'u shijuar nga njoh\u00ebsit e v\u00ebrtet\u00eb t\u00eb kafes\u00eb dhe ata q\u00eb pin\u00eb kafe t\u00eb p\u00ebrditshme q\u00eb duan t\u00eb shijojn\u00eb an\u00ebn e ndritshme t\u00eb jet\u00ebs.<\/p>","protected":false},"excerpt":{"rendered":"<p>Bright Blend Beans \u00ebsht\u00eb nj\u00eb p\u00ebrzierje e p\u00ebrkryer e balancuar e kafes\u00eb Costa, e krijuar n\u00eb m\u00ebnyr\u00eb imagjinare me frym\u00ebzimin e barist\u00ebve t\u00eb kafes\u00eb Costa dhe mjesht\u00ebrin\u00eb e kafes\u00eb. Kjo 100% Arabica kombinon kafet\u00eb m\u00eb t\u00eb mira t\u00eb Amerik\u00ebs s\u00eb Jugut, t\u00eb zgjedhura me kujdes p\u00ebr shijen e tyre unike. V\u00ebrtet elegante me nj\u00eb trup t\u00eb rrumbullak\u00ebt, nota frutash dhe \u00ebmb\u00eblsi karamel, Bright Blend \u00ebsht\u00eb josh\u00ebse dhe e gjithanshme. Me nj\u00eb forc\u00eb prej 6 nga 12, kafeja \u00ebsht\u00eb perfekte p\u00ebr aventurierin dhe nj\u00eb pir\u00ebs t\u00eb p\u00ebrditsh\u00ebm kafeje. Kjo 100% Arabica jep nj\u00eb shije unike t\u00eb kekut me mjalt\u00eb p\u00ebrmes qum\u00ebshtit, nd\u00ebrsa fuqizon notat elegante frutash dhe \u00ebmb\u00eblsin\u00eb n\u00eb ekspres. Costa Coffee \u00ebsht\u00eb krijuar p\u00ebr t\u00eb krijuar nj\u00eb filxhan kafeje t\u00eb mrekullueshme, \u00e7do her\u00eb, p\u00ebr t'u shijuar nga njoh\u00ebsit e v\u00ebrtet\u00eb t\u00eb kafes\u00eb dhe ata q\u00eb pin\u00eb kafe t\u00eb p\u00ebrditshme q\u00eb duan t\u00eb shijojn\u00eb an\u00ebn e ndritshme t\u00eb jet\u00ebs.<\/p>","protected":false},"featured_media":2735,"comment_status":"open","ping_status":"closed","template":"","meta":{"site-sidebar-layout":"default","site-content-layout":"","ast-site-content-layout":"default","site-content-style":"default","site-sidebar-style":"default","ast-global-header-display":"","ast-banner-title-visibility":"","ast-main-header-display":"","ast-hfb-above-header-display":"","ast-hfb-below-header-display":"","ast-hfb-mobile-header-display":"","site-post-title":"","ast-breadcrumbs-content":"","ast-featured-img":"","footer-sml-layout":"","ast-disable-related-posts":"","theme-transparent-header-meta":"default","adv-header-id-meta":"","stick-header-meta":"","header-above-stick-meta":"","header-main-stick-meta":"","header-below-stick-meta":"","astra-migrate-meta-layouts":"set","ast-page-background-enabled":"default","ast-page-background-meta":{"desktop":{"background-color":"","background-image":"","background-repeat":"repeat","background-position":"center center","background-size":"auto","background-attachment":"scroll","background-type":"","background-media":"","overlay-type":"","overlay-color":"","overlay-opacity":"","overlay-gradient":""},"tablet":{"background-color":"","background-image":"","background-repeat":"repeat","background-position":"center center","background-size":"auto","background-attachment":"scroll","background-type":"","background-media":"","overlay-type":"","overlay-color":"","overlay-opacity":"","overlay-gradient":""},"mobile":{"background-color":"","background-image":"","background-repeat":"repeat","background-position":"center center","background-size":"auto","background-attachment":"scroll","background-type":"","background-media":"","overlay-type":"","overlay-color":"","overlay-opacity":"","overlay-gradient":""}},"ast-content-background-meta":{"desktop":{"background-color":"var(--ast-global-color-5)","background-image":"","background-repeat":"repeat","background-position":"center center","background-size":"auto","background-attachment":"scroll","background-type":"","background-media":"","overlay-type":"","overlay-color":"","overlay-opacity":"","overlay-gradient":""},"tablet":{"background-color":"var(--ast-global-color-5)","background-image":"","background-repeat":"repeat","background-position":"center center","background-size":"auto","background-attachment":"scroll","background-type":"","background-media":"","overlay-type":"","overlay-color":"","overlay-opacity":"","overlay-gradient":""},"mobile":{"background-color":"var(--ast-global-color-5)","background-image":"","background-repeat":"repeat","background-position":"center center","background-size":"auto","background-attachment":"scroll","background-type":"","background-media":"","overlay-type":"","overlay-color":"","overlay-opacity":"","overlay-gradient":""}}},"product_brand":[],"product_cat":[33],"product_tag":[],"class_list":{"0":"post-2732","1":"product","2":"type-product","3":"status-publish","4":"has-post-thumbnail","6":"product_cat-costa-coffee","7":"desktop-align-left","8":"tablet-align-left","9":"mobile-align-left","11":"first","12":"instock","13":"shipping-taxable","14":"purchasable","15":"product-type-simple"},"_links":{"self":[{"href":"https:\/\/infinit-trade.com\/sq\/wp-json\/wp\/v2\/product\/2732","targetHints":{"allow":["GET"]}}],"collection":[{"href":"https:\/\/infinit-trade.com\/sq\/wp-json\/wp\/v2\/product"}],"about":[{"href":"https:\/\/infinit-trade.com\/sq\/wp-json\/wp\/v2\/types\/product"}],"replies":[{"embeddable":true,"href":"https:\/\/infinit-trade.com\/sq\/wp-json\/wp\/v2\/comments?post=2732"}],"wp:featuredmedia":[{"embeddable":true,"href":"https:\/\/infinit-trade.com\/sq\/wp-json\/wp\/v2\/media\/2735"}],"wp:attachment":[{"href":"https:\/\/infinit-trade.com\/sq\/wp-json\/wp\/v2\/media?parent=2732"}],"wp:term":[{"taxonomy":"product_brand","embeddable":true,"href":"https:\/\/infinit-trade.com\/sq\/wp-json\/wp\/v2\/product_brand?post=2732"},{"taxonomy":"product_cat","embeddable":true,"href":"https:\/\/infinit-trade.com\/sq\/wp-json\/wp\/v2\/product_cat?post=2732"},{"taxonomy":"product_tag","embeddable":true,"href":"https:\/\/infinit-trade.com\/sq\/wp-json\/wp\/v2\/product_tag?post=2732"}],"curies":[{"name":"wp","href":"https:\/\/api.w.org\/{rel}","templated":true}]}}