{"id":2747,"date":"2024-11-24T19:35:54","date_gmt":"2024-11-24T19:35:54","guid":{"rendered":"https:\/\/infinit-trade.com\/?post_type=product&#038;p=2747"},"modified":"2025-08-14T01:52:27","modified_gmt":"2025-08-14T01:52:27","slug":"mocha-italia-medium-roast-professional-barista-coffee","status":"publish","type":"product","link":"https:\/\/infinit-trade.com\/sq\/produkt\/mocha-italia-medium-roast-professional-barista-coffee\/","title":{"rendered":"Mocha Italia Medium Roast &#8211; Professional barista coffee"},"content":{"rendered":"<div class=\"subbrandlist aem-GridColumn aem-GridColumn--default--12 animate\">\n<section class=\"cmp-subbrand\">\n<div id=\"product-5\" class=\"cmp-subbrand__detail-section is-active\">\n<div class=\"kb-product-detail\">\n<div class=\"tabs\">\n<div class=\"cmp-tabs\">\n<div class=\"cmp-tabs__tabpanel cmp-tabs__tabpanel--active\" data-content-id=\"item1\" data-cmp-hook-tabs=\"tabpanel\">\n<p>Mocha Italia jon\u00eb\u00a0 \u00ebsht\u00eb shija dalluese e Costa-s, e krijuar n\u00eb vitin 1971. V\u00ebllez\u00ebrit Costa iu desh\u00ebn 112 p\u00ebrpjekje p\u00ebrpara se t\u00eb ishin t\u00eb k\u00ebnaqur q\u00eb rezultati ishte i duhuri. P\u00ebrzierja unike e kokrrave Arabica dhe Robusta prodhon nj\u00eb arom\u00eb t\u00eb but\u00eb dhe t\u00eb ekuilibruar q\u00eb pret \u00e7do kafe me baz\u00eb ekspres. Profili yn\u00eb i n\u00ebnshkrimit \u00ebsht\u00eb i thekur, karamel dhe arra - zgjedhja perfekte p\u00ebr konsumuesit unik\u00eb t\u00eb kafes\u00eb.<\/p>\n<\/div>\n<\/div>\n<\/div>\n<div class=\"bottom-bar is-desktop\">\n<div class=\"links\"><\/div>\n<div class=\"share-links\"><\/div>\n<\/div>\n<\/div>\n<\/div>\n<\/section>\n<\/div>\n<div class=\"container responsivegrid aem-GridColumn aem-GridColumn--default--12 animate\">\n<div id=\"container-5904011503\" class=\"cmp-container\">\n<div class=\"teaser card-landscape-teaser\">\n<div id=\"teaser-6dbab41312\" class=\"cmp-teaser\">\n<div class=\"cmp-teaser__image\">\n<div id=\"image-6dbab41312\" class=\"cmp-image\" data-cmp-lazythreshold=\"0\" data-cmp-src=\"\/en\/our-24-7-portfolio\/coffee\/costa-coffee\/_jcr_content\/root\/container\/teaser_copy.coreimg{.width}.jpeg\/1728400098637\/cup-and-bag.jpeg\" data-asset=\"\/content\/dam\/cch\/us\/images\/our-24-7-portfolio\/landing-page\/cup-and-bag.jpg\"><\/div>\n<\/div>\n<\/div>\n<\/div>\n<\/div>\n<\/div>","protected":false},"excerpt":{"rendered":"<div class=\"subbrandlist aem-GridColumn aem-GridColumn--default--12 animate\">\n<section class=\"cmp-subbrand\">\n<div id=\"product-5\" class=\"cmp-subbrand__detail-section is-active\">\n<div class=\"kb-product-detail\">\n<div class=\"tabs\">\n<div class=\"cmp-tabs\">\n<div class=\"cmp-tabs__tabpanel cmp-tabs__tabpanel--active\" data-content-id=\"item1\" data-cmp-hook-tabs=\"tabpanel\">\n<p>Mocha Italia jon\u00eb\u00a0 \u00ebsht\u00eb shija dalluese e Costa-s, e krijuar n\u00eb vitin 1971. V\u00ebllez\u00ebrit Costa iu desh\u00ebn 112 p\u00ebrpjekje p\u00ebrpara se t\u00eb ishin t\u00eb k\u00ebnaqur q\u00eb rezultati ishte i duhuri. P\u00ebrzierja unike e kokrrave Arabica dhe Robusta prodhon nj\u00eb arom\u00eb t\u00eb but\u00eb dhe t\u00eb ekuilibruar q\u00eb pret \u00e7do kafe me baz\u00eb ekspres. Profili yn\u00eb i n\u00ebnshkrimit \u00ebsht\u00eb i thekur, karamel dhe arra - zgjedhja perfekte p\u00ebr konsumuesit unik\u00eb t\u00eb kafes\u00eb.<\/p>\n<\/div>\n<\/div>\n<\/div>\n<div class=\"bottom-bar is-desktop\">\n<div class=\"links\"><\/div>\n<div class=\"share-links\"><\/div>\n<\/div>\n<\/div>\n<\/div>\n<\/section>\n<\/div>\n<div class=\"container responsivegrid aem-GridColumn aem-GridColumn--default--12 animate\">\n<div id=\"container-5904011503\" class=\"cmp-container\">\n<div class=\"teaser card-landscape-teaser\">\n<div id=\"teaser-6dbab41312\" class=\"cmp-teaser\">\n<div class=\"cmp-teaser__image\">\n<div id=\"image-6dbab41312\" class=\"cmp-image\" data-cmp-lazythreshold=\"0\" data-cmp-src=\"\/en\/our-24-7-portfolio\/coffee\/costa-coffee\/_jcr_content\/root\/container\/teaser_copy.coreimg{.width}.jpeg\/1728400098637\/cup-and-bag.jpeg\" data-asset=\"\/content\/dam\/cch\/us\/images\/our-24-7-portfolio\/landing-page\/cup-and-bag.jpg\"><\/div>\n<\/div>\n<\/div>\n<\/div>\n<\/div>\n<\/div>","protected":false},"featured_media":2748,"comment_status":"open","ping_status":"closed","template":"","meta":{"site-sidebar-layout":"default","site-content-layout":"","ast-site-content-layout":"default","site-content-style":"default","site-sidebar-style":"default","ast-global-header-display":"","ast-banner-title-visibility":"","ast-main-header-display":"","ast-hfb-above-header-display":"","ast-hfb-below-header-display":"","ast-hfb-mobile-header-display":"","site-post-title":"","ast-breadcrumbs-content":"","ast-featured-img":"","footer-sml-layout":"","ast-disable-related-posts":"","theme-transparent-header-meta":"default","adv-header-id-meta":"","stick-header-meta":"","header-above-stick-meta":"","header-main-stick-meta":"","header-below-stick-meta":"","astra-migrate-meta-layouts":"set","ast-page-background-enabled":"default","ast-page-background-meta":{"desktop":{"background-color":"","background-image":"","background-repeat":"repeat","background-position":"center center","background-size":"auto","background-attachment":"scroll","background-type":"","background-media":"","overlay-type":"","overlay-color":"","overlay-opacity":"","overlay-gradient":""},"tablet":{"background-color":"","background-image":"","background-repeat":"repeat","background-position":"center center","background-size":"auto","background-attachment":"scroll","background-type":"","background-media":"","overlay-type":"","overlay-color":"","overlay-opacity":"","overlay-gradient":""},"mobile":{"background-color":"","background-image":"","background-repeat":"repeat","background-position":"center center","background-size":"auto","background-attachment":"scroll","background-type":"","background-media":"","overlay-type":"","overlay-color":"","overlay-opacity":"","overlay-gradient":""}},"ast-content-background-meta":{"desktop":{"background-color":"var(--ast-global-color-5)","background-image":"","background-repeat":"repeat","background-position":"center center","background-size":"auto","background-attachment":"scroll","background-type":"","background-media":"","overlay-type":"","overlay-color":"","overlay-opacity":"","overlay-gradient":""},"tablet":{"background-color":"var(--ast-global-color-5)","background-image":"","background-repeat":"repeat","background-position":"center center","background-size":"auto","background-attachment":"scroll","background-type":"","background-media":"","overlay-type":"","overlay-color":"","overlay-opacity":"","overlay-gradient":""},"mobile":{"background-color":"var(--ast-global-color-5)","background-image":"","background-repeat":"repeat","background-position":"center center","background-size":"auto","background-attachment":"scroll","background-type":"","background-media":"","overlay-type":"","overlay-color":"","overlay-opacity":"","overlay-gradient":""}}},"product_brand":[],"product_cat":[33],"product_tag":[],"class_list":{"0":"post-2747","1":"product","2":"type-product","3":"status-publish","4":"has-post-thumbnail","6":"product_cat-costa-coffee","7":"desktop-align-left","8":"tablet-align-left","9":"mobile-align-left","11":"first","12":"instock","13":"shipping-taxable","14":"purchasable","15":"product-type-simple"},"_links":{"self":[{"href":"https:\/\/infinit-trade.com\/sq\/wp-json\/wp\/v2\/product\/2747","targetHints":{"allow":["GET"]}}],"collection":[{"href":"https:\/\/infinit-trade.com\/sq\/wp-json\/wp\/v2\/product"}],"about":[{"href":"https:\/\/infinit-trade.com\/sq\/wp-json\/wp\/v2\/types\/product"}],"replies":[{"embeddable":true,"href":"https:\/\/infinit-trade.com\/sq\/wp-json\/wp\/v2\/comments?post=2747"}],"wp:featuredmedia":[{"embeddable":true,"href":"https:\/\/infinit-trade.com\/sq\/wp-json\/wp\/v2\/media\/2748"}],"wp:attachment":[{"href":"https:\/\/infinit-trade.com\/sq\/wp-json\/wp\/v2\/media?parent=2747"}],"wp:term":[{"taxonomy":"product_brand","embeddable":true,"href":"https:\/\/infinit-trade.com\/sq\/wp-json\/wp\/v2\/product_brand?post=2747"},{"taxonomy":"product_cat","embeddable":true,"href":"https:\/\/infinit-trade.com\/sq\/wp-json\/wp\/v2\/product_cat?post=2747"},{"taxonomy":"product_tag","embeddable":true,"href":"https:\/\/infinit-trade.com\/sq\/wp-json\/wp\/v2\/product_tag?post=2747"}],"curies":[{"name":"wp","href":"https:\/\/api.w.org\/{rel}","templated":true}]}}