{"id":2749,"date":"2024-11-24T19:37:25","date_gmt":"2024-11-24T19:37:25","guid":{"rendered":"https:\/\/infinit-trade.com\/?post_type=product&#038;p=2749"},"modified":"2026-04-16T19:16:01","modified_gmt":"2026-04-16T19:16:01","slug":"mocha-italia-dark-roast-professional-barista-coffee","status":"publish","type":"product","link":"https:\/\/infinit-trade.com\/sq\/produkt\/mocha-italia-dark-roast-professional-barista-coffee\/","title":{"rendered":"Mocha Italia Dark Roast &#8211; Professional barista coffee"},"content":{"rendered":"<div class=\"subbrandlist aem-GridColumn aem-GridColumn--default--12 animate\">\n<section class=\"cmp-subbrand\">\n<div id=\"product-5\" class=\"cmp-subbrand__detail-section is-active\">\n<div class=\"kb-product-detail\">\n<div class=\"tabs\">\n<div class=\"cmp-tabs\">\n<div class=\"cmp-tabs__tabpanel cmp-tabs__tabpanel--active\" data-content-id=\"item1\" data-cmp-hook-tabs=\"tabpanel\">\n<div class=\"subbrandlist aem-GridColumn aem-GridColumn--default--12 animate\">\n<section class=\"cmp-subbrand\">\n<div id=\"product-6\" class=\"cmp-subbrand__detail-section is-active\">\n<div class=\"kb-product-detail\">\n<div class=\"tabs\">\n<div class=\"cmp-tabs\">\n<div class=\"cmp-tabs__tabpanel cmp-tabs__tabpanel--active\" data-content-id=\"item1\" data-cmp-hook-tabs=\"tabpanel\">\n<p>Mocha Italia jon\u00eb\u00a0 \u00ebsht\u00eb shija dalluese e Costa-s, e krijuar n\u00eb vitin 1971. V\u00ebllez\u00ebrit Costa iu desh\u00ebn 112 p\u00ebrpjekje p\u00ebrpara se t\u00eb ishin t\u00eb k\u00ebnaqur q\u00eb rezultati ishte i duhuri. Ne kemi krijuar me mjesht\u00ebri k\u00ebt\u00eb p\u00ebrzierje legjendare t\u00eb pjekjes s\u00eb err\u00ebt Mocha Italia p\u00ebr nj\u00eb arom\u00eb elegante karamelike me nj\u00eb prekje arrash t\u00eb pjekura dhe nota \u00e7okollate n\u00eb fund.<\/p>\n<\/div>\n<\/div>\n<\/div>\n<\/div>\n<\/div>\n<\/section>\n<\/div>\n<\/div>\n<\/div>\n<\/div>\n<\/div>\n<\/div>\n<\/section>\n<\/div>","protected":false},"excerpt":{"rendered":"<div class=\"subbrandlist aem-GridColumn aem-GridColumn--default--12 animate\">\n<section class=\"cmp-subbrand\">\n<div id=\"product-5\" class=\"cmp-subbrand__detail-section is-active\">\n<div class=\"kb-product-detail\">\n<div class=\"tabs\">\n<div class=\"cmp-tabs\">\n<div class=\"cmp-tabs__tabpanel cmp-tabs__tabpanel--active\" data-content-id=\"item1\" data-cmp-hook-tabs=\"tabpanel\">\n<div class=\"subbrandlist aem-GridColumn aem-GridColumn--default--12 animate\">\n<section class=\"cmp-subbrand\">\n<div id=\"product-6\" class=\"cmp-subbrand__detail-section is-active\">\n<div class=\"kb-product-detail\">\n<div class=\"tabs\">\n<div class=\"cmp-tabs\">\n<div class=\"cmp-tabs__tabpanel cmp-tabs__tabpanel--active\" data-content-id=\"item1\" data-cmp-hook-tabs=\"tabpanel\">\n<p>Mocha Italia jon\u00eb\u00a0 \u00ebsht\u00eb shija dalluese e Costa-s, e krijuar n\u00eb vitin 1971. V\u00ebllez\u00ebrit Costa iu desh\u00ebn 112 p\u00ebrpjekje p\u00ebrpara se t\u00eb ishin t\u00eb k\u00ebnaqur q\u00eb rezultati ishte i duhuri. Ne kemi krijuar me mjesht\u00ebri k\u00ebt\u00eb p\u00ebrzierje legjendare t\u00eb pjekjes s\u00eb err\u00ebt Mocha Italia p\u00ebr nj\u00eb arom\u00eb elegante karamelike me nj\u00eb prekje arrash t\u00eb pjekura dhe nota \u00e7okollate n\u00eb fund.<\/p>\n<\/div>\n<\/div>\n<\/div>\n<\/div>\n<\/div>\n<\/section>\n<\/div>\n<\/div>\n<\/div>\n<\/div>\n<\/div>\n<\/div>\n<\/section>\n<\/div>","protected":false},"featured_media":2750,"comment_status":"open","ping_status":"closed","template":"","meta":{"site-sidebar-layout":"default","site-content-layout":"","ast-site-content-layout":"default","site-content-style":"default","site-sidebar-style":"default","ast-global-header-display":"","ast-banner-title-visibility":"","ast-main-header-display":"","ast-hfb-above-header-display":"","ast-hfb-below-header-display":"","ast-hfb-mobile-header-display":"","site-post-title":"","ast-breadcrumbs-content":"","ast-featured-img":"","footer-sml-layout":"","ast-disable-related-posts":"","theme-transparent-header-meta":"default","adv-header-id-meta":"","stick-header-meta":"","header-above-stick-meta":"","header-main-stick-meta":"","header-below-stick-meta":"","astra-migrate-meta-layouts":"set","ast-page-background-enabled":"default","ast-page-background-meta":{"desktop":{"background-color":"","background-image":"","background-repeat":"repeat","background-position":"center center","background-size":"auto","background-attachment":"scroll","background-type":"","background-media":"","overlay-type":"","overlay-color":"","overlay-opacity":"","overlay-gradient":""},"tablet":{"background-color":"","background-image":"","background-repeat":"repeat","background-position":"center center","background-size":"auto","background-attachment":"scroll","background-type":"","background-media":"","overlay-type":"","overlay-color":"","overlay-opacity":"","overlay-gradient":""},"mobile":{"background-color":"","background-image":"","background-repeat":"repeat","background-position":"center center","background-size":"auto","background-attachment":"scroll","background-type":"","background-media":"","overlay-type":"","overlay-color":"","overlay-opacity":"","overlay-gradient":""}},"ast-content-background-meta":{"desktop":{"background-color":"var(--ast-global-color-5)","background-image":"","background-repeat":"repeat","background-position":"center center","background-size":"auto","background-attachment":"scroll","background-type":"","background-media":"","overlay-type":"","overlay-color":"","overlay-opacity":"","overlay-gradient":""},"tablet":{"background-color":"var(--ast-global-color-5)","background-image":"","background-repeat":"repeat","background-position":"center center","background-size":"auto","background-attachment":"scroll","background-type":"","background-media":"","overlay-type":"","overlay-color":"","overlay-opacity":"","overlay-gradient":""},"mobile":{"background-color":"var(--ast-global-color-5)","background-image":"","background-repeat":"repeat","background-position":"center center","background-size":"auto","background-attachment":"scroll","background-type":"","background-media":"","overlay-type":"","overlay-color":"","overlay-opacity":"","overlay-gradient":""}}},"product_brand":[],"product_cat":[33],"product_tag":[],"class_list":{"0":"post-2749","1":"product","2":"type-product","3":"status-publish","4":"has-post-thumbnail","6":"product_cat-costa-coffee","7":"desktop-align-left","8":"tablet-align-left","9":"mobile-align-left","11":"first","12":"instock","13":"shipping-taxable","14":"purchasable","15":"product-type-simple"},"_links":{"self":[{"href":"https:\/\/infinit-trade.com\/sq\/wp-json\/wp\/v2\/product\/2749","targetHints":{"allow":["GET"]}}],"collection":[{"href":"https:\/\/infinit-trade.com\/sq\/wp-json\/wp\/v2\/product"}],"about":[{"href":"https:\/\/infinit-trade.com\/sq\/wp-json\/wp\/v2\/types\/product"}],"replies":[{"embeddable":true,"href":"https:\/\/infinit-trade.com\/sq\/wp-json\/wp\/v2\/comments?post=2749"}],"wp:featuredmedia":[{"embeddable":true,"href":"https:\/\/infinit-trade.com\/sq\/wp-json\/wp\/v2\/media\/2750"}],"wp:attachment":[{"href":"https:\/\/infinit-trade.com\/sq\/wp-json\/wp\/v2\/media?parent=2749"}],"wp:term":[{"taxonomy":"product_brand","embeddable":true,"href":"https:\/\/infinit-trade.com\/sq\/wp-json\/wp\/v2\/product_brand?post=2749"},{"taxonomy":"product_cat","embeddable":true,"href":"https:\/\/infinit-trade.com\/sq\/wp-json\/wp\/v2\/product_cat?post=2749"},{"taxonomy":"product_tag","embeddable":true,"href":"https:\/\/infinit-trade.com\/sq\/wp-json\/wp\/v2\/product_tag?post=2749"}],"curies":[{"name":"wp","href":"https:\/\/api.w.org\/{rel}","templated":true}]}}