{"id":2753,"date":"2024-11-24T19:39:42","date_gmt":"2024-11-24T19:39:42","guid":{"rendered":"https:\/\/infinit-trade.com\/?post_type=product&#038;p=2753"},"modified":"2024-11-27T11:50:42","modified_gmt":"2024-11-27T11:50:42","slug":"character-roast-decaf-blend-professional-barista-coffee","status":"publish","type":"product","link":"https:\/\/infinit-trade.com\/sq\/produkt\/character-roast-decaf-blend-professional-barista-coffee\/","title":{"rendered":"Character Roast: Decaf Blend &#8211; Professional barista coffee"},"content":{"rendered":"<p>Costa Coffee Decaf Blend \u00ebsht\u00eb nj\u00eb kafe delikate q\u00eb \u00ebsht\u00eb marr\u00eb dhe pjekur me kujdes p\u00ebr t'i dh\u00ebn\u00eb nj\u00eb shenj\u00eb t\u00eb ve\u00e7ant\u00eb p\u00ebrzierjes son\u00eb legjendare Signature. Thjesht perfekte p\u00ebr adhuruesit e kafes\u00eb q\u00eb duan t\u00eb shijojn\u00eb shijen e pagabueshme t\u00eb Costa Coffee pa kafein\u00eb. Kjo p\u00ebrzierje e ekuilibruar e p\u00ebrkryer, e krijuar me imagjinat\u00eb me frym\u00ebzimin e barist\u00ebve t\u00eb kafes\u00eb s\u00eb Costa dhe mjesht\u00ebrin\u00eb e kafes\u00eb, jep \u00e7do her\u00eb nj\u00eb filxhan kafeje t\u00eb p\u00ebrsosur pa kafein\u00eb. Ky pjekje mesatare me nj\u00eb forc\u00eb kafeje 8 nga 12 \u00ebsht\u00eb me trup t\u00eb leht\u00eb dhe delikat, me nj\u00eb arom\u00eb unike karamele t\u00eb thekur dhe arom\u00eb t\u00eb \u00ebmb\u00ebl. Bluarja jon\u00eb e nj\u00ebtrajtshme dhe e q\u00ebndrueshme e b\u00ebn k\u00ebt\u00eb kafe t\u00eb p\u00ebrsosur p\u00ebr ekspres, nd\u00ebrkoh\u00eb q\u00eb jep t\u00eb gjitha shijet dhe aromat n\u00eb filxhanin tuaj kur gatuhet p\u00ebr moka tenxhere, kafene dhe kafe filtri.<\/p>","protected":false},"excerpt":{"rendered":"<p>Costa Coffee Decaf Blend \u00ebsht\u00eb nj\u00eb kafe delikate q\u00eb \u00ebsht\u00eb marr\u00eb dhe pjekur me kujdes p\u00ebr t'i dh\u00ebn\u00eb nj\u00eb shenj\u00eb t\u00eb ve\u00e7ant\u00eb p\u00ebrzierjes son\u00eb legjendare Signature. Thjesht perfekte p\u00ebr adhuruesit e kafes\u00eb q\u00eb duan t\u00eb shijojn\u00eb shijen e pagabueshme t\u00eb Costa Coffee pa kafein\u00eb. Kjo p\u00ebrzierje e ekuilibruar e p\u00ebrkryer, e krijuar me imagjinat\u00eb me frym\u00ebzimin e barist\u00ebve t\u00eb kafes\u00eb s\u00eb Costa dhe mjesht\u00ebrin\u00eb e kafes\u00eb, jep \u00e7do her\u00eb nj\u00eb filxhan kafeje t\u00eb p\u00ebrsosur pa kafein\u00eb. Ky pjekje mesatare me nj\u00eb forc\u00eb kafeje 8 nga 12 \u00ebsht\u00eb me trup t\u00eb leht\u00eb dhe delikat, me nj\u00eb arom\u00eb unike karamele t\u00eb thekur dhe arom\u00eb t\u00eb \u00ebmb\u00ebl. Bluarja jon\u00eb e nj\u00ebtrajtshme dhe e q\u00ebndrueshme e b\u00ebn k\u00ebt\u00eb kafe t\u00eb p\u00ebrsosur p\u00ebr ekspres, nd\u00ebrkoh\u00eb q\u00eb jep t\u00eb gjitha shijet dhe aromat n\u00eb filxhanin tuaj kur gatuhet p\u00ebr moka tenxhere, kafene dhe kafe filtri.<\/p>","protected":false},"featured_media":2754,"comment_status":"open","ping_status":"closed","template":"","meta":{"site-sidebar-layout":"default","site-content-layout":"","ast-site-content-layout":"default","site-content-style":"default","site-sidebar-style":"default","ast-global-header-display":"","ast-banner-title-visibility":"","ast-main-header-display":"","ast-hfb-above-header-display":"","ast-hfb-below-header-display":"","ast-hfb-mobile-header-display":"","site-post-title":"","ast-breadcrumbs-content":"","ast-featured-img":"","footer-sml-layout":"","ast-disable-related-posts":"","theme-transparent-header-meta":"default","adv-header-id-meta":"","stick-header-meta":"","header-above-stick-meta":"","header-main-stick-meta":"","header-below-stick-meta":"","astra-migrate-meta-layouts":"set","ast-page-background-enabled":"default","ast-page-background-meta":{"desktop":{"background-color":"","background-image":"","background-repeat":"repeat","background-position":"center center","background-size":"auto","background-attachment":"scroll","background-type":"","background-media":"","overlay-type":"","overlay-color":"","overlay-opacity":"","overlay-gradient":""},"tablet":{"background-color":"","background-image":"","background-repeat":"repeat","background-position":"center center","background-size":"auto","background-attachment":"scroll","background-type":"","background-media":"","overlay-type":"","overlay-color":"","overlay-opacity":"","overlay-gradient":""},"mobile":{"background-color":"","background-image":"","background-repeat":"repeat","background-position":"center center","background-size":"auto","background-attachment":"scroll","background-type":"","background-media":"","overlay-type":"","overlay-color":"","overlay-opacity":"","overlay-gradient":""}},"ast-content-background-meta":{"desktop":{"background-color":"var(--ast-global-color-5)","background-image":"","background-repeat":"repeat","background-position":"center center","background-size":"auto","background-attachment":"scroll","background-type":"","background-media":"","overlay-type":"","overlay-color":"","overlay-opacity":"","overlay-gradient":""},"tablet":{"background-color":"var(--ast-global-color-5)","background-image":"","background-repeat":"repeat","background-position":"center center","background-size":"auto","background-attachment":"scroll","background-type":"","background-media":"","overlay-type":"","overlay-color":"","overlay-opacity":"","overlay-gradient":""},"mobile":{"background-color":"var(--ast-global-color-5)","background-image":"","background-repeat":"repeat","background-position":"center center","background-size":"auto","background-attachment":"scroll","background-type":"","background-media":"","overlay-type":"","overlay-color":"","overlay-opacity":"","overlay-gradient":""}}},"product_brand":[],"product_cat":[33],"product_tag":[],"class_list":{"0":"post-2753","1":"product","2":"type-product","3":"status-publish","4":"has-post-thumbnail","6":"product_cat-costa-coffee","7":"desktop-align-left","8":"tablet-align-left","9":"mobile-align-left","11":"first","12":"instock","13":"shipping-taxable","14":"purchasable","15":"product-type-simple"},"_links":{"self":[{"href":"https:\/\/infinit-trade.com\/sq\/wp-json\/wp\/v2\/product\/2753","targetHints":{"allow":["GET"]}}],"collection":[{"href":"https:\/\/infinit-trade.com\/sq\/wp-json\/wp\/v2\/product"}],"about":[{"href":"https:\/\/infinit-trade.com\/sq\/wp-json\/wp\/v2\/types\/product"}],"replies":[{"embeddable":true,"href":"https:\/\/infinit-trade.com\/sq\/wp-json\/wp\/v2\/comments?post=2753"}],"wp:featuredmedia":[{"embeddable":true,"href":"https:\/\/infinit-trade.com\/sq\/wp-json\/wp\/v2\/media\/2754"}],"wp:attachment":[{"href":"https:\/\/infinit-trade.com\/sq\/wp-json\/wp\/v2\/media?parent=2753"}],"wp:term":[{"taxonomy":"product_brand","embeddable":true,"href":"https:\/\/infinit-trade.com\/sq\/wp-json\/wp\/v2\/product_brand?post=2753"},{"taxonomy":"product_cat","embeddable":true,"href":"https:\/\/infinit-trade.com\/sq\/wp-json\/wp\/v2\/product_cat?post=2753"},{"taxonomy":"product_tag","embeddable":true,"href":"https:\/\/infinit-trade.com\/sq\/wp-json\/wp\/v2\/product_tag?post=2753"}],"curies":[{"name":"wp","href":"https:\/\/api.w.org\/{rel}","templated":true}]}}