{"id":2757,"date":"2024-11-24T19:41:44","date_gmt":"2024-11-24T19:41:44","guid":{"rendered":"https:\/\/infinit-trade.com\/?post_type=product&#038;p=2757"},"modified":"2024-11-27T11:42:59","modified_gmt":"2024-11-27T11:42:59","slug":"costa-coffee-nespresso-compatibles-signature-blend-espresso","status":"publish","type":"product","link":"https:\/\/infinit-trade.com\/sq\/produkt\/costa-coffee-nespresso-compatibles-signature-blend-espresso\/","title":{"rendered":"Costa Coffee Nespresso Compatibles &#8211; Signature Blend Espresso"},"content":{"rendered":"<p>Kapsula alumini Nespresso Signature Blend Espresso, q\u00eb nga viti 1971, \u00ebsht\u00eb nj\u00eb p\u00ebrzierje e kafes\u00eb Costa me pjekje mesatare me nj\u00eb arom\u00eb t\u00eb but\u00eb, arra dhe arom\u00eb t\u00eb pasur. Me nj\u00eb forc\u00eb kafeje 7 nga 12, \u00ebsht\u00eb zgjidhja perfekte p\u00ebr nj\u00eb konsumues t\u00eb p\u00ebrditsh\u00ebm kafeje. N\u00eb Costa, ne njohim kafe t\u00eb mrekullueshme. D\u00ebshmi? Konsumator\u00ebt e kafes\u00eb kan\u00eb zgjedhur p\u00ebrzierjen ton\u00eb legjendar Signature Blend q\u00eb nga viti 1971. Nj\u00eb pun\u00eb e v\u00ebrtet\u00eb dashurie, na u desh\u00ebn 112 p\u00ebrpjekje p\u00ebr ta b\u00ebr\u00eb at\u00eb si\u00e7 duhet, por ia vlejti. Kjo p\u00ebrzierje unike piqet ngadal\u00eb p\u00ebr nj\u00eb arom\u00eb t\u00eb but\u00eb dhe arrave dhe arom\u00eb t\u00eb pasur, duke e b\u00ebr\u00eb at\u00eb filxhanin e p\u00ebrsosur t\u00eb kafes\u00eb p\u00ebr \u00e7do rast. P\u00ebrzierja e saj unike e fasuleve arabica dhe Robusta jep nj\u00eb shije t\u00eb k\u00ebndshme si biskota p\u00ebrmes qum\u00ebshtit, por gjithashtu nj\u00eb kafe t\u00eb zez\u00eb ose ekspres t\u00eb leht\u00eb p\u00ebr t'u pir\u00eb me nuancat e buk\u00ebs s\u00eb thekur, karamelit dhe arrave. E p\u00ebrputhshme me makinat Nespresso\u00ae q\u00eb t\u00eb mund t\u00eb shijoni kafen\u00eb tuaj t\u00eb preferuar Costa n\u00eb sht\u00ebpi. Thjesht futni nj\u00eb nga pet\u00ebt n\u00eb aparatin tuaj Nespresso dhe sh\u00ebrbejeni filxhanin e p\u00ebrsosur t\u00eb kafes\u00eb.<\/p>","protected":false},"excerpt":{"rendered":"<p>Kapsula alumini Nespresso Signature Blend Espresso, q\u00eb nga viti 1971, \u00ebsht\u00eb nj\u00eb p\u00ebrzierje e kafes\u00eb Costa me pjekje mesatare me nj\u00eb arom\u00eb t\u00eb but\u00eb, arra dhe arom\u00eb t\u00eb pasur. Me nj\u00eb forc\u00eb kafeje 7 nga 12, \u00ebsht\u00eb zgjidhja perfekte p\u00ebr nj\u00eb konsumues t\u00eb p\u00ebrditsh\u00ebm kafeje. N\u00eb Costa, ne njohim kafe t\u00eb mrekullueshme. D\u00ebshmi? Konsumator\u00ebt e kafes\u00eb kan\u00eb zgjedhur p\u00ebrzierjen ton\u00eb legjendar Signature Blend q\u00eb nga viti 1971. Nj\u00eb pun\u00eb e v\u00ebrtet\u00eb dashurie, na u desh\u00ebn 112 p\u00ebrpjekje p\u00ebr ta b\u00ebr\u00eb at\u00eb si\u00e7 duhet, por ia vlejti. Kjo p\u00ebrzierje unike piqet ngadal\u00eb p\u00ebr nj\u00eb arom\u00eb t\u00eb but\u00eb dhe arrave dhe arom\u00eb t\u00eb pasur, duke e b\u00ebr\u00eb at\u00eb filxhanin e p\u00ebrsosur t\u00eb kafes\u00eb p\u00ebr \u00e7do rast. P\u00ebrzierja e saj unike e fasuleve arabica dhe Robusta jep nj\u00eb shije t\u00eb k\u00ebndshme si biskota p\u00ebrmes qum\u00ebshtit, por gjithashtu nj\u00eb kafe t\u00eb zez\u00eb ose ekspres t\u00eb leht\u00eb p\u00ebr t'u pir\u00eb me nuancat e buk\u00ebs s\u00eb thekur, karamelit dhe arrave. E p\u00ebrputhshme me makinat Nespresso\u00ae q\u00eb t\u00eb mund t\u00eb shijoni kafen\u00eb tuaj t\u00eb preferuar Costa n\u00eb sht\u00ebpi. Thjesht futni nj\u00eb nga pet\u00ebt n\u00eb aparatin tuaj Nespresso dhe sh\u00ebrbejeni filxhanin e p\u00ebrsosur t\u00eb kafes\u00eb.<\/p>","protected":false},"featured_media":2758,"comment_status":"open","ping_status":"closed","template":"","meta":{"site-sidebar-layout":"default","site-content-layout":"","ast-site-content-layout":"default","site-content-style":"default","site-sidebar-style":"default","ast-global-header-display":"","ast-banner-title-visibility":"","ast-main-header-display":"","ast-hfb-above-header-display":"","ast-hfb-below-header-display":"","ast-hfb-mobile-header-display":"","site-post-title":"","ast-breadcrumbs-content":"","ast-featured-img":"","footer-sml-layout":"","ast-disable-related-posts":"","theme-transparent-header-meta":"default","adv-header-id-meta":"","stick-header-meta":"","header-above-stick-meta":"","header-main-stick-meta":"","header-below-stick-meta":"","astra-migrate-meta-layouts":"set","ast-page-background-enabled":"default","ast-page-background-meta":{"desktop":{"background-color":"","background-image":"","background-repeat":"repeat","background-position":"center center","background-size":"auto","background-attachment":"scroll","background-type":"","background-media":"","overlay-type":"","overlay-color":"","overlay-opacity":"","overlay-gradient":""},"tablet":{"background-color":"","background-image":"","background-repeat":"repeat","background-position":"center center","background-size":"auto","background-attachment":"scroll","background-type":"","background-media":"","overlay-type":"","overlay-color":"","overlay-opacity":"","overlay-gradient":""},"mobile":{"background-color":"","background-image":"","background-repeat":"repeat","background-position":"center center","background-size":"auto","background-attachment":"scroll","background-type":"","background-media":"","overlay-type":"","overlay-color":"","overlay-opacity":"","overlay-gradient":""}},"ast-content-background-meta":{"desktop":{"background-color":"var(--ast-global-color-5)","background-image":"","background-repeat":"repeat","background-position":"center center","background-size":"auto","background-attachment":"scroll","background-type":"","background-media":"","overlay-type":"","overlay-color":"","overlay-opacity":"","overlay-gradient":""},"tablet":{"background-color":"var(--ast-global-color-5)","background-image":"","background-repeat":"repeat","background-position":"center center","background-size":"auto","background-attachment":"scroll","background-type":"","background-media":"","overlay-type":"","overlay-color":"","overlay-opacity":"","overlay-gradient":""},"mobile":{"background-color":"var(--ast-global-color-5)","background-image":"","background-repeat":"repeat","background-position":"center center","background-size":"auto","background-attachment":"scroll","background-type":"","background-media":"","overlay-type":"","overlay-color":"","overlay-opacity":"","overlay-gradient":""}}},"product_brand":[],"product_cat":[33],"product_tag":[],"class_list":{"0":"post-2757","1":"product","2":"type-product","3":"status-publish","4":"has-post-thumbnail","6":"product_cat-costa-coffee","7":"desktop-align-left","8":"tablet-align-left","9":"mobile-align-left","11":"first","12":"instock","13":"shipping-taxable","14":"purchasable","15":"product-type-simple"},"_links":{"self":[{"href":"https:\/\/infinit-trade.com\/sq\/wp-json\/wp\/v2\/product\/2757","targetHints":{"allow":["GET"]}}],"collection":[{"href":"https:\/\/infinit-trade.com\/sq\/wp-json\/wp\/v2\/product"}],"about":[{"href":"https:\/\/infinit-trade.com\/sq\/wp-json\/wp\/v2\/types\/product"}],"replies":[{"embeddable":true,"href":"https:\/\/infinit-trade.com\/sq\/wp-json\/wp\/v2\/comments?post=2757"}],"wp:featuredmedia":[{"embeddable":true,"href":"https:\/\/infinit-trade.com\/sq\/wp-json\/wp\/v2\/media\/2758"}],"wp:attachment":[{"href":"https:\/\/infinit-trade.com\/sq\/wp-json\/wp\/v2\/media?parent=2757"}],"wp:term":[{"taxonomy":"product_brand","embeddable":true,"href":"https:\/\/infinit-trade.com\/sq\/wp-json\/wp\/v2\/product_brand?post=2757"},{"taxonomy":"product_cat","embeddable":true,"href":"https:\/\/infinit-trade.com\/sq\/wp-json\/wp\/v2\/product_cat?post=2757"},{"taxonomy":"product_tag","embeddable":true,"href":"https:\/\/infinit-trade.com\/sq\/wp-json\/wp\/v2\/product_tag?post=2757"}],"curies":[{"name":"wp","href":"https:\/\/api.w.org\/{rel}","templated":true}]}}