{"id":2761,"date":"2024-11-24T19:44:27","date_gmt":"2024-11-24T19:44:27","guid":{"rendered":"https:\/\/infinit-trade.com\/?post_type=product&#038;p=2761"},"modified":"2024-11-27T11:43:09","modified_gmt":"2024-11-27T11:43:09","slug":"costa-coffee-nespresso-compatibles-the-colombian-roast","status":"publish","type":"product","link":"https:\/\/infinit-trade.com\/sq\/produkt\/costa-coffee-nespresso-compatibles-the-colombian-roast\/","title":{"rendered":"Costa Coffee Nespresso Compatibles &#8211; The Colombian Roast"},"content":{"rendered":"<p>Kapsulat Columbian Roast Aluminimum jan\u00eb 100% kafe Arabica me origjin\u00eb t\u00eb vetme, e marr\u00eb nga baza e zhytur n\u00eb diell t\u00eb ult\u00ebsir\u00ebs kolumbiane, duke kapur frym\u00ebn e gjall\u00eb t\u00eb rajonit. E krijuar n\u00eb m\u00ebnyr\u00eb imagjinare me frym\u00ebzimin e barist\u00ebve t\u00eb kafeneve t\u00eb Costa-s dhe mjesht\u00ebrin\u00eb e kafes\u00eb, Columbian Roast \u00ebsht\u00eb nj\u00eb kafe e pjekur mesatare, e ngadalt\u00eb me nj\u00eb fuqi prej 5 nga 12, thjesht e p\u00ebrsosur p\u00ebr nj\u00eb goditje t\u00eb p\u00ebrditshme t\u00eb kafein\u00ebs. Plot shije, por e balancuar me nj\u00eb freski t\u00eb mrekullueshme, \u00e7do grumbull \u00ebsht\u00eb testuar dhe shijuar me dashuri nga mjeshtri yn\u00eb i kafes\u00eb Gennaro Pelliccia. Costa Coffee \u00ebsht\u00eb krijuar p\u00ebr t\u00eb krijuar nj\u00eb filxhan kafeje t\u00eb mrekullueshme, \u00e7do her\u00eb, p\u00ebr t'u shijuar nga njoh\u00ebsit e v\u00ebrtet\u00eb t\u00eb kafes\u00eb dhe konsumuesit e p\u00ebrditsh\u00ebm t\u00eb kafes\u00eb q\u00eb duan t\u00eb shijojn\u00eb an\u00ebn e guximshme t\u00eb jet\u00ebs.<\/p>","protected":false},"excerpt":{"rendered":"<p>Kapsulat Columbian Roast Aluminimum jan\u00eb 100% kafe Arabica me origjin\u00eb t\u00eb vetme, e marr\u00eb nga baza e zhytur n\u00eb diell t\u00eb ult\u00ebsir\u00ebs kolumbiane, duke kapur frym\u00ebn e gjall\u00eb t\u00eb rajonit. E krijuar n\u00eb m\u00ebnyr\u00eb imagjinare me frym\u00ebzimin e barist\u00ebve t\u00eb kafeneve t\u00eb Costa-s dhe mjesht\u00ebrin\u00eb e kafes\u00eb, Columbian Roast \u00ebsht\u00eb nj\u00eb kafe e pjekur mesatare, e ngadalt\u00eb me nj\u00eb fuqi prej 5 nga 12, thjesht e p\u00ebrsosur p\u00ebr nj\u00eb goditje t\u00eb p\u00ebrditshme t\u00eb kafein\u00ebs. Plot shije, por e balancuar me nj\u00eb freski t\u00eb mrekullueshme, \u00e7do grumbull \u00ebsht\u00eb testuar dhe shijuar me dashuri nga mjeshtri yn\u00eb i kafes\u00eb Gennaro Pelliccia. Costa Coffee \u00ebsht\u00eb krijuar p\u00ebr t\u00eb krijuar nj\u00eb filxhan kafeje t\u00eb mrekullueshme, \u00e7do her\u00eb, p\u00ebr t'u shijuar nga njoh\u00ebsit e v\u00ebrtet\u00eb t\u00eb kafes\u00eb dhe konsumuesit e p\u00ebrditsh\u00ebm t\u00eb kafes\u00eb q\u00eb duan t\u00eb shijojn\u00eb an\u00ebn e guximshme t\u00eb jet\u00ebs.<\/p>","protected":false},"featured_media":2762,"comment_status":"open","ping_status":"closed","template":"","meta":{"site-sidebar-layout":"default","site-content-layout":"","ast-site-content-layout":"default","site-content-style":"default","site-sidebar-style":"default","ast-global-header-display":"","ast-banner-title-visibility":"","ast-main-header-display":"","ast-hfb-above-header-display":"","ast-hfb-below-header-display":"","ast-hfb-mobile-header-display":"","site-post-title":"","ast-breadcrumbs-content":"","ast-featured-img":"","footer-sml-layout":"","ast-disable-related-posts":"","theme-transparent-header-meta":"default","adv-header-id-meta":"","stick-header-meta":"","header-above-stick-meta":"","header-main-stick-meta":"","header-below-stick-meta":"","astra-migrate-meta-layouts":"set","ast-page-background-enabled":"default","ast-page-background-meta":{"desktop":{"background-color":"","background-image":"","background-repeat":"repeat","background-position":"center center","background-size":"auto","background-attachment":"scroll","background-type":"","background-media":"","overlay-type":"","overlay-color":"","overlay-opacity":"","overlay-gradient":""},"tablet":{"background-color":"","background-image":"","background-repeat":"repeat","background-position":"center center","background-size":"auto","background-attachment":"scroll","background-type":"","background-media":"","overlay-type":"","overlay-color":"","overlay-opacity":"","overlay-gradient":""},"mobile":{"background-color":"","background-image":"","background-repeat":"repeat","background-position":"center center","background-size":"auto","background-attachment":"scroll","background-type":"","background-media":"","overlay-type":"","overlay-color":"","overlay-opacity":"","overlay-gradient":""}},"ast-content-background-meta":{"desktop":{"background-color":"var(--ast-global-color-5)","background-image":"","background-repeat":"repeat","background-position":"center center","background-size":"auto","background-attachment":"scroll","background-type":"","background-media":"","overlay-type":"","overlay-color":"","overlay-opacity":"","overlay-gradient":""},"tablet":{"background-color":"var(--ast-global-color-5)","background-image":"","background-repeat":"repeat","background-position":"center center","background-size":"auto","background-attachment":"scroll","background-type":"","background-media":"","overlay-type":"","overlay-color":"","overlay-opacity":"","overlay-gradient":""},"mobile":{"background-color":"var(--ast-global-color-5)","background-image":"","background-repeat":"repeat","background-position":"center center","background-size":"auto","background-attachment":"scroll","background-type":"","background-media":"","overlay-type":"","overlay-color":"","overlay-opacity":"","overlay-gradient":""}}},"product_brand":[],"product_cat":[33],"product_tag":[],"class_list":{"0":"post-2761","1":"product","2":"type-product","3":"status-publish","4":"has-post-thumbnail","6":"product_cat-costa-coffee","7":"desktop-align-left","8":"tablet-align-left","9":"mobile-align-left","11":"first","12":"instock","13":"shipping-taxable","14":"purchasable","15":"product-type-simple"},"_links":{"self":[{"href":"https:\/\/infinit-trade.com\/sq\/wp-json\/wp\/v2\/product\/2761","targetHints":{"allow":["GET"]}}],"collection":[{"href":"https:\/\/infinit-trade.com\/sq\/wp-json\/wp\/v2\/product"}],"about":[{"href":"https:\/\/infinit-trade.com\/sq\/wp-json\/wp\/v2\/types\/product"}],"replies":[{"embeddable":true,"href":"https:\/\/infinit-trade.com\/sq\/wp-json\/wp\/v2\/comments?post=2761"}],"wp:featuredmedia":[{"embeddable":true,"href":"https:\/\/infinit-trade.com\/sq\/wp-json\/wp\/v2\/media\/2762"}],"wp:attachment":[{"href":"https:\/\/infinit-trade.com\/sq\/wp-json\/wp\/v2\/media?parent=2761"}],"wp:term":[{"taxonomy":"product_brand","embeddable":true,"href":"https:\/\/infinit-trade.com\/sq\/wp-json\/wp\/v2\/product_brand?post=2761"},{"taxonomy":"product_cat","embeddable":true,"href":"https:\/\/infinit-trade.com\/sq\/wp-json\/wp\/v2\/product_cat?post=2761"},{"taxonomy":"product_tag","embeddable":true,"href":"https:\/\/infinit-trade.com\/sq\/wp-json\/wp\/v2\/product_tag?post=2761"}],"curies":[{"name":"wp","href":"https:\/\/api.w.org\/{rel}","templated":true}]}}