{"id":2765,"date":"2024-11-24T19:47:36","date_gmt":"2024-11-24T19:47:36","guid":{"rendered":"https:\/\/infinit-trade.com\/?post_type=product&#038;p=2765"},"modified":"2024-11-27T11:43:18","modified_gmt":"2024-11-27T11:43:18","slug":"costa-coffee-nespresso-compatibles-the-lively-blend","status":"publish","type":"product","link":"https:\/\/infinit-trade.com\/sq\/produkt\/costa-coffee-nespresso-compatibles-the-lively-blend\/","title":{"rendered":"Costa Coffee Nespresso Compatibles &#8211; The Lively Blend"},"content":{"rendered":"<p>Costa Coffee Lively Blend Ristretto \u00ebsht\u00eb nj\u00eb p\u00ebrzierje e fort\u00eb e p\u00ebrkryer e balancuar, e krijuar n\u00eb m\u00ebnyr\u00eb imagjinare me frym\u00ebzimin e barist\u00ebve t\u00eb kafeneve Costa dhe mjesht\u00ebrin\u00eb e kafes\u00eb, e krijuar p\u00ebr t\u00eb krijuar nj\u00eb filxhan kafeje t\u00eb fort\u00eb. I pjekur n\u00eb nj\u00eb nivel t\u00eb caktuar p\u00ebr t\u00eb \u00e7liruar nj\u00eb pije plot trup, karamel dhe shurup kur nxirret p\u00ebrmes \u00e7do makinerie standarde Nespresso, ofron nj\u00eb ekuilib\u00ebr t\u00eb mir\u00eb midis hidh\u00ebsis\u00eb dhe \u00ebmb\u00eblsis\u00eb q\u00eb zgjat deri n\u00eb fund, me nj\u00eb intensitet t\u00eb fort\u00eb, i v\u00ebrtet\u00eb p\u00ebr ekspresin italian. Me nj\u00eb forc\u00eb prej 11 nga 12, Lively Blend \u00ebsht\u00eb nj\u00eb kafe e p\u00ebrsosur p\u00ebr dashamir\u00ebt e ekspresit tradicional, si dhe ata q\u00eb duan filxhan\u00eb t\u00eb bardh\u00eb nd\u00ebrsa k\u00ebrkojn\u00eb intensitetin e kafes\u00eb.<\/p>","protected":false},"excerpt":{"rendered":"<p>Costa Coffee Lively Blend Ristretto \u00ebsht\u00eb nj\u00eb p\u00ebrzierje e fort\u00eb e p\u00ebrkryer e balancuar, e krijuar n\u00eb m\u00ebnyr\u00eb imagjinare me frym\u00ebzimin e barist\u00ebve t\u00eb kafeneve Costa dhe mjesht\u00ebrin\u00eb e kafes\u00eb, e krijuar p\u00ebr t\u00eb krijuar nj\u00eb filxhan kafeje t\u00eb fort\u00eb. I pjekur n\u00eb nj\u00eb nivel t\u00eb caktuar p\u00ebr t\u00eb \u00e7liruar nj\u00eb pije plot trup, karamel dhe shurup kur nxirret p\u00ebrmes \u00e7do makinerie standarde Nespresso, ofron nj\u00eb ekuilib\u00ebr t\u00eb mir\u00eb midis hidh\u00ebsis\u00eb dhe \u00ebmb\u00eblsis\u00eb q\u00eb zgjat deri n\u00eb fund, me nj\u00eb intensitet t\u00eb fort\u00eb, i v\u00ebrtet\u00eb p\u00ebr ekspresin italian. Me nj\u00eb forc\u00eb prej 11 nga 12, Lively Blend \u00ebsht\u00eb nj\u00eb kafe e p\u00ebrsosur p\u00ebr dashamir\u00ebt e ekspresit tradicional, si dhe ata q\u00eb duan filxhan\u00eb t\u00eb bardh\u00eb nd\u00ebrsa k\u00ebrkojn\u00eb intensitetin e kafes\u00eb.<\/p>","protected":false},"featured_media":2768,"comment_status":"open","ping_status":"closed","template":"","meta":{"site-sidebar-layout":"default","site-content-layout":"","ast-site-content-layout":"default","site-content-style":"default","site-sidebar-style":"default","ast-global-header-display":"","ast-banner-title-visibility":"","ast-main-header-display":"","ast-hfb-above-header-display":"","ast-hfb-below-header-display":"","ast-hfb-mobile-header-display":"","site-post-title":"","ast-breadcrumbs-content":"","ast-featured-img":"","footer-sml-layout":"","ast-disable-related-posts":"","theme-transparent-header-meta":"default","adv-header-id-meta":"","stick-header-meta":"","header-above-stick-meta":"","header-main-stick-meta":"","header-below-stick-meta":"","astra-migrate-meta-layouts":"set","ast-page-background-enabled":"default","ast-page-background-meta":{"desktop":{"background-color":"","background-image":"","background-repeat":"repeat","background-position":"center center","background-size":"auto","background-attachment":"scroll","background-type":"","background-media":"","overlay-type":"","overlay-color":"","overlay-opacity":"","overlay-gradient":""},"tablet":{"background-color":"","background-image":"","background-repeat":"repeat","background-position":"center center","background-size":"auto","background-attachment":"scroll","background-type":"","background-media":"","overlay-type":"","overlay-color":"","overlay-opacity":"","overlay-gradient":""},"mobile":{"background-color":"","background-image":"","background-repeat":"repeat","background-position":"center center","background-size":"auto","background-attachment":"scroll","background-type":"","background-media":"","overlay-type":"","overlay-color":"","overlay-opacity":"","overlay-gradient":""}},"ast-content-background-meta":{"desktop":{"background-color":"var(--ast-global-color-5)","background-image":"","background-repeat":"repeat","background-position":"center center","background-size":"auto","background-attachment":"scroll","background-type":"","background-media":"","overlay-type":"","overlay-color":"","overlay-opacity":"","overlay-gradient":""},"tablet":{"background-color":"var(--ast-global-color-5)","background-image":"","background-repeat":"repeat","background-position":"center center","background-size":"auto","background-attachment":"scroll","background-type":"","background-media":"","overlay-type":"","overlay-color":"","overlay-opacity":"","overlay-gradient":""},"mobile":{"background-color":"var(--ast-global-color-5)","background-image":"","background-repeat":"repeat","background-position":"center center","background-size":"auto","background-attachment":"scroll","background-type":"","background-media":"","overlay-type":"","overlay-color":"","overlay-opacity":"","overlay-gradient":""}}},"product_brand":[],"product_cat":[33],"product_tag":[],"class_list":{"0":"post-2765","1":"product","2":"type-product","3":"status-publish","4":"has-post-thumbnail","6":"product_cat-costa-coffee","7":"desktop-align-left","8":"tablet-align-left","9":"mobile-align-left","11":"first","12":"instock","13":"shipping-taxable","14":"purchasable","15":"product-type-simple"},"_links":{"self":[{"href":"https:\/\/infinit-trade.com\/sq\/wp-json\/wp\/v2\/product\/2765","targetHints":{"allow":["GET"]}}],"collection":[{"href":"https:\/\/infinit-trade.com\/sq\/wp-json\/wp\/v2\/product"}],"about":[{"href":"https:\/\/infinit-trade.com\/sq\/wp-json\/wp\/v2\/types\/product"}],"replies":[{"embeddable":true,"href":"https:\/\/infinit-trade.com\/sq\/wp-json\/wp\/v2\/comments?post=2765"}],"wp:featuredmedia":[{"embeddable":true,"href":"https:\/\/infinit-trade.com\/sq\/wp-json\/wp\/v2\/media\/2768"}],"wp:attachment":[{"href":"https:\/\/infinit-trade.com\/sq\/wp-json\/wp\/v2\/media?parent=2765"}],"wp:term":[{"taxonomy":"product_brand","embeddable":true,"href":"https:\/\/infinit-trade.com\/sq\/wp-json\/wp\/v2\/product_brand?post=2765"},{"taxonomy":"product_cat","embeddable":true,"href":"https:\/\/infinit-trade.com\/sq\/wp-json\/wp\/v2\/product_cat?post=2765"},{"taxonomy":"product_tag","embeddable":true,"href":"https:\/\/infinit-trade.com\/sq\/wp-json\/wp\/v2\/product_tag?post=2765"}],"curies":[{"name":"wp","href":"https:\/\/api.w.org\/{rel}","templated":true}]}}