{"id":2770,"date":"2024-11-24T19:48:42","date_gmt":"2024-11-24T19:48:42","guid":{"rendered":"https:\/\/infinit-trade.com\/?post_type=product&#038;p=2770"},"modified":"2024-11-27T11:43:22","modified_gmt":"2024-11-27T11:43:22","slug":"costa-coffee-nespresso-compatibles-the-warming-blend","status":"publish","type":"product","link":"https:\/\/infinit-trade.com\/sq\/produkt\/costa-coffee-nespresso-compatibles-the-warming-blend\/","title":{"rendered":"Costa Coffee Nespresso Compatibles &#8211; The Warming Blend"},"content":{"rendered":"<p>Costa Coffee Warming Blend Aluminium Capsules \u00ebsht\u00eb nj\u00eb p\u00ebrzierje e p\u00ebrkryer e balancuar, e tymosur dhe e rrumbullak\u00ebt, e krijuar n\u00eb m\u00ebnyr\u00eb imagjinare me frym\u00ebzimin e barist\u00ebve t\u00eb kafeneve Costa dhe mjesht\u00ebrin\u00eb e kafes\u00eb, e krijuar p\u00ebr t\u00eb krijuar nj\u00eb filxhan kafeje t\u00eb fort\u00eb. Kjo p\u00ebrzierje ngroh\u00ebse na \u00e7oi n\u00eb provincat e pasura t\u00eb Vietnamit n\u00eb k\u00ebrkim t\u00eb fasuleve t\u00eb p\u00ebrsosura Robusta me trup t\u00eb plot\u00eb. E shoq\u00ebruar me Arabica t\u00eb Amerik\u00ebs s\u00eb Jugut dhe t\u00eb pjekur me profesionaliz\u00ebm t\u00eb err\u00ebt, kjo p\u00ebrzierje intensive jep nj\u00eb arom\u00eb tymi me nj\u00eb nuanc\u00eb er\u00ebze fshatare. E p\u00ebrkryer p\u00ebr pije m\u00eb t\u00eb gjata q\u00eb zgjasin. Me nj\u00eb pjekje t\u00eb err\u00ebt, kafeja arrin nj\u00eb intensitet n\u00eb nj\u00eb kulm me hidh\u00ebsi, trup dhe pjekje. Me nj\u00eb fuqi prej 10 nga 12, \u00ebsht\u00eb nj\u00eb kafe e p\u00ebrsosur p\u00ebr dashamir\u00ebt tradicional\u00eb t\u00eb ekspresit, si dhe ata q\u00eb duan filxhan\u00eb t\u00eb bardh\u00eb nd\u00ebrsa k\u00ebrkojn\u00eb intensitetin e kafes\u00eb.<\/p>","protected":false},"excerpt":{"rendered":"<p>Costa Coffee Warming Blend Aluminium Capsules \u00ebsht\u00eb nj\u00eb p\u00ebrzierje e p\u00ebrkryer e balancuar, e tymosur dhe e rrumbullak\u00ebt, e krijuar n\u00eb m\u00ebnyr\u00eb imagjinare me frym\u00ebzimin e barist\u00ebve t\u00eb kafeneve Costa dhe mjesht\u00ebrin\u00eb e kafes\u00eb, e krijuar p\u00ebr t\u00eb krijuar nj\u00eb filxhan kafeje t\u00eb fort\u00eb. Kjo p\u00ebrzierje ngroh\u00ebse na \u00e7oi n\u00eb provincat e pasura t\u00eb Vietnamit n\u00eb k\u00ebrkim t\u00eb fasuleve t\u00eb p\u00ebrsosura Robusta me trup t\u00eb plot\u00eb. E shoq\u00ebruar me Arabica t\u00eb Amerik\u00ebs s\u00eb Jugut dhe t\u00eb pjekur me profesionaliz\u00ebm t\u00eb err\u00ebt, kjo p\u00ebrzierje intensive jep nj\u00eb arom\u00eb tymi me nj\u00eb nuanc\u00eb er\u00ebze fshatare. E p\u00ebrkryer p\u00ebr pije m\u00eb t\u00eb gjata q\u00eb zgjasin. Me nj\u00eb pjekje t\u00eb err\u00ebt, kafeja arrin nj\u00eb intensitet n\u00eb nj\u00eb kulm me hidh\u00ebsi, trup dhe pjekje. Me nj\u00eb fuqi prej 10 nga 12, \u00ebsht\u00eb nj\u00eb kafe e p\u00ebrsosur p\u00ebr dashamir\u00ebt tradicional\u00eb t\u00eb ekspresit, si dhe ata q\u00eb duan filxhan\u00eb t\u00eb bardh\u00eb nd\u00ebrsa k\u00ebrkojn\u00eb intensitetin e kafes\u00eb.<\/p>","protected":false},"featured_media":2767,"comment_status":"open","ping_status":"closed","template":"","meta":{"site-sidebar-layout":"default","site-content-layout":"","ast-site-content-layout":"default","site-content-style":"default","site-sidebar-style":"default","ast-global-header-display":"","ast-banner-title-visibility":"","ast-main-header-display":"","ast-hfb-above-header-display":"","ast-hfb-below-header-display":"","ast-hfb-mobile-header-display":"","site-post-title":"","ast-breadcrumbs-content":"","ast-featured-img":"","footer-sml-layout":"","ast-disable-related-posts":"","theme-transparent-header-meta":"default","adv-header-id-meta":"","stick-header-meta":"","header-above-stick-meta":"","header-main-stick-meta":"","header-below-stick-meta":"","astra-migrate-meta-layouts":"set","ast-page-background-enabled":"default","ast-page-background-meta":{"desktop":{"background-color":"","background-image":"","background-repeat":"repeat","background-position":"center center","background-size":"auto","background-attachment":"scroll","background-type":"","background-media":"","overlay-type":"","overlay-color":"","overlay-opacity":"","overlay-gradient":""},"tablet":{"background-color":"","background-image":"","background-repeat":"repeat","background-position":"center center","background-size":"auto","background-attachment":"scroll","background-type":"","background-media":"","overlay-type":"","overlay-color":"","overlay-opacity":"","overlay-gradient":""},"mobile":{"background-color":"","background-image":"","background-repeat":"repeat","background-position":"center center","background-size":"auto","background-attachment":"scroll","background-type":"","background-media":"","overlay-type":"","overlay-color":"","overlay-opacity":"","overlay-gradient":""}},"ast-content-background-meta":{"desktop":{"background-color":"var(--ast-global-color-5)","background-image":"","background-repeat":"repeat","background-position":"center center","background-size":"auto","background-attachment":"scroll","background-type":"","background-media":"","overlay-type":"","overlay-color":"","overlay-opacity":"","overlay-gradient":""},"tablet":{"background-color":"var(--ast-global-color-5)","background-image":"","background-repeat":"repeat","background-position":"center center","background-size":"auto","background-attachment":"scroll","background-type":"","background-media":"","overlay-type":"","overlay-color":"","overlay-opacity":"","overlay-gradient":""},"mobile":{"background-color":"var(--ast-global-color-5)","background-image":"","background-repeat":"repeat","background-position":"center center","background-size":"auto","background-attachment":"scroll","background-type":"","background-media":"","overlay-type":"","overlay-color":"","overlay-opacity":"","overlay-gradient":""}}},"product_brand":[],"product_cat":[33],"product_tag":[],"class_list":{"0":"post-2770","1":"product","2":"type-product","3":"status-publish","4":"has-post-thumbnail","6":"product_cat-costa-coffee","7":"desktop-align-left","8":"tablet-align-left","9":"mobile-align-left","11":"first","12":"instock","13":"shipping-taxable","14":"purchasable","15":"product-type-simple"},"_links":{"self":[{"href":"https:\/\/infinit-trade.com\/sq\/wp-json\/wp\/v2\/product\/2770","targetHints":{"allow":["GET"]}}],"collection":[{"href":"https:\/\/infinit-trade.com\/sq\/wp-json\/wp\/v2\/product"}],"about":[{"href":"https:\/\/infinit-trade.com\/sq\/wp-json\/wp\/v2\/types\/product"}],"replies":[{"embeddable":true,"href":"https:\/\/infinit-trade.com\/sq\/wp-json\/wp\/v2\/comments?post=2770"}],"wp:featuredmedia":[{"embeddable":true,"href":"https:\/\/infinit-trade.com\/sq\/wp-json\/wp\/v2\/media\/2767"}],"wp:attachment":[{"href":"https:\/\/infinit-trade.com\/sq\/wp-json\/wp\/v2\/media?parent=2770"}],"wp:term":[{"taxonomy":"product_brand","embeddable":true,"href":"https:\/\/infinit-trade.com\/sq\/wp-json\/wp\/v2\/product_brand?post=2770"},{"taxonomy":"product_cat","embeddable":true,"href":"https:\/\/infinit-trade.com\/sq\/wp-json\/wp\/v2\/product_cat?post=2770"},{"taxonomy":"product_tag","embeddable":true,"href":"https:\/\/infinit-trade.com\/sq\/wp-json\/wp\/v2\/product_tag?post=2770"}],"curies":[{"name":"wp","href":"https:\/\/api.w.org\/{rel}","templated":true}]}}